{"id":4426,"date":"2022-10-27T15:07:14","date_gmt":"2022-10-27T15:07:14","guid":{"rendered":"https:\/\/mind4.genox-nutrition.pt\/?page_id=4426"},"modified":"2023-09-29T15:31:56","modified_gmt":"2023-09-29T15:31:56","slug":"responsabilidade-social","status":"publish","type":"page","link":"https:\/\/mind4customs.com\/pt-pt\/responsabilidade-social\/","title":{"rendered":"Responsabilidade Social"},"content":{"rendered":"\t\t<div data-elementor-type=\"wp-page\" data-elementor-id=\"4426\" class=\"elementor elementor-4426 elementor-3392\" data-elementor-post-type=\"page\">\n\t\t\t\t\t\t\t\t\t<section class=\"elementor-section elementor-top-section elementor-element elementor-element-396b28d elementor-section-stretched elementor-section-boxed elementor-section-height-default elementor-section-height-default\" data-id=\"396b28d\" data-element_type=\"section\" data-settings=\"{&quot;stretch_section&quot;:&quot;section-stretched&quot;,&quot;background_background&quot;:&quot;classic&quot;,&quot;_ha_eqh_enable&quot;:false}\">\n\t\t\t\t\t\t\t<div class=\"elementor-background-overlay\"><\/div>\n\t\t\t\t\t\t\t<div class=\"elementor-container elementor-column-gap-default\">\n\t\t\t\t\t<div class=\"elementor-column elementor-col-100 elementor-top-column elementor-element elementor-element-9025ab9\" data-id=\"9025ab9\" data-element_type=\"column\" data-settings=\"{&quot;background_background&quot;:&quot;classic&quot;}\">\n\t\t\t<div class=\"elementor-widget-wrap elementor-element-populated\">\n\t\t\t\t\t\t\t\t<div class=\"elementor-element elementor-element-e9a5e5a elementor-widget elementor-widget-heading\" data-id=\"e9a5e5a\" data-element_type=\"widget\" data-widget_type=\"heading.default\">\n\t\t\t\t<div class=\"elementor-widget-container\">\n\t\t\t<style>\/*! elementor - v3.16.0 - 20-09-2023 *\/\n.elementor-heading-title{padding:0;margin:0;line-height:1}.elementor-widget-heading .elementor-heading-title[class*=elementor-size-]>a{color:inherit;font-size:inherit;line-height:inherit}.elementor-widget-heading .elementor-heading-title.elementor-size-small{font-size:15px}.elementor-widget-heading .elementor-heading-title.elementor-size-medium{font-size:19px}.elementor-widget-heading .elementor-heading-title.elementor-size-large{font-size:29px}.elementor-widget-heading .elementor-heading-title.elementor-size-xl{font-size:39px}.elementor-widget-heading .elementor-heading-title.elementor-size-xxl{font-size:59px}<\/style><h1 class=\"elementor-heading-title elementor-size-default\">Mind4People<\/h1>\t\t<\/div>\n\t\t\t\t<\/div>\n\t\t\t\t\t<\/div>\n\t\t<\/div>\n\t\t\t\t\t\t\t<\/div>\n\t\t<\/section>\n\t\t\t\t<section class=\"elementor-section elementor-top-section elementor-element elementor-element-57002a3 elementor-section-stretched elementor-reverse-mobile elementor-reverse-tablet elementor-section-boxed elementor-section-height-default elementor-section-height-default\" data-id=\"57002a3\" data-element_type=\"section\" data-settings=\"{&quot;stretch_section&quot;:&quot;section-stretched&quot;,&quot;background_background&quot;:&quot;classic&quot;,&quot;_ha_eqh_enable&quot;:false}\">\n\t\t\t\t\t\t<div class=\"elementor-container elementor-column-gap-default\">\n\t\t\t\t\t<div class=\"elementor-column elementor-col-100 elementor-top-column elementor-element elementor-element-3ddb349\" data-id=\"3ddb349\" data-element_type=\"column\" data-settings=\"{&quot;background_background&quot;:&quot;classic&quot;}\">\n\t\t\t<div class=\"elementor-widget-wrap elementor-element-populated\">\n\t\t\t\t\t\t\t\t<div class=\"elementor-element elementor-element-fe2f01d elementor-widget elementor-widget-text-editor\" data-id=\"fe2f01d\" data-element_type=\"widget\" data-widget_type=\"text-editor.default\">\n\t\t\t\t<div class=\"elementor-widget-container\">\n\t\t\t<style>\/*! elementor - v3.16.0 - 20-09-2023 *\/\n.elementor-widget-text-editor.elementor-drop-cap-view-stacked .elementor-drop-cap{background-color:#69727d;color:#fff}.elementor-widget-text-editor.elementor-drop-cap-view-framed .elementor-drop-cap{color:#69727d;border:3px solid;background-color:transparent}.elementor-widget-text-editor:not(.elementor-drop-cap-view-default) .elementor-drop-cap{margin-top:8px}.elementor-widget-text-editor:not(.elementor-drop-cap-view-default) .elementor-drop-cap-letter{width:1em;height:1em}.elementor-widget-text-editor .elementor-drop-cap{float:left;text-align:center;line-height:1;font-size:50px}.elementor-widget-text-editor .elementor-drop-cap-letter{display:inline-block}<\/style>\t\t\t\t<p>Dezembro de 2021 foi o m\u00eas escolhido para lan\u00e7armos o nosso projeto social, cujo nome fomos desvendando durante algumas semanas. De forma irreverente assumimos a nossa diferen\u00e7a, afirmando a g\u00e9nese do nosso projeto empresarial: as pessoas.<\/p><p>As \u201cnossas\u201d pessoas (parte integrante das nossas equipas) e o universo \u201cdas pessoas\u201d que gravitam ao nosso redor &#8211; onde destacamos as \u201cpessoas\u201d dos nossos clientes &#8211; est\u00e3o no centro da nossa aten\u00e7\u00e3o e cuidado di\u00e1rio.<\/p><p>N\u00e3o deixamos esquecidas todas as \u201cpessoas\u201d &#8211; fornecedores, parceiros e amigos &#8211; que diariamente nos apoiam na concretiza\u00e7\u00e3o deste caminho. Mas sab\u00edamos que n\u00e3o pod\u00edamos ficar por aqui, pois entendemos que a miss\u00e3o das empresas tem por obriga\u00e7\u00e3o ir mais longe.<\/p><p>Quisemos ir mais al\u00e9m.. como a nossa comunica\u00e7\u00e3o declara de forma assertiva.<\/p><p>Abra\u00e7amos, por isso, um projeto solid\u00e1rio que decidimos denominar Mind4People! Um projeto em que colocamos \u201cpessoas\u201d em primeiro lugar. De raiz solid\u00e1ria alargada, as nossas equipas e as suas fam\u00edlias organizam-se para levar um pouco do n\u00f3s aos outros que mais necessitam.<\/p><p>No final de 2021 e no decorrer de 2022 chegamos, das mais diversas formas, a crian\u00e7as e fam\u00edlias desfavorecidas. Preparamos cabazes de Natal e de P\u00e1scoa, levamos crian\u00e7as \u00e0 sua primeira experiencia de Circo e uma fant\u00e1stica visita ao Ocean\u00e1rio de Lisboa.<\/p><p>E vamos continuar. Queremos continuar a levar um pouco de n\u00f3s aos que mais necessitam!<\/p>\t\t\t\t\t\t<\/div>\n\t\t\t\t<\/div>\n\t\t\t\t<div class=\"elementor-element elementor-element-4558401 elementor-widget elementor-widget-image\" data-id=\"4558401\" data-element_type=\"widget\" data-widget_type=\"image.default\">\n\t\t\t\t<div class=\"elementor-widget-container\">\n\t\t\t<style>\/*! elementor - v3.16.0 - 20-09-2023 *\/\n.elementor-widget-image{text-align:center}.elementor-widget-image a{display:inline-block}.elementor-widget-image a img[src$=\".svg\"]{width:48px}.elementor-widget-image img{vertical-align:middle;display:inline-block}<\/style>\t\t\t\t\t\t\t\t\t\t\t\t<img decoding=\"async\" width=\"350\" height=\"70\" src=\"https:\/\/mind4customs.com\/wp-content\/uploads\/2023\/09\/MIND4PEOPLE.png\" class=\"attachment-large size-large wp-image-7046\" alt=\"\" srcset=\"https:\/\/mind4customs.com\/wp-content\/uploads\/2023\/09\/MIND4PEOPLE.png 350w, https:\/\/mind4customs.com\/wp-content\/uploads\/2023\/09\/MIND4PEOPLE-300x60.png 300w\" sizes=\"(max-width: 350px) 100vw, 350px\" \/>\t\t\t\t\t\t\t\t\t\t\t\t\t\t\t<\/div>\n\t\t\t\t<\/div>\n\t\t\t\t\t<\/div>\n\t\t<\/div>\n\t\t\t\t\t\t\t<\/div>\n\t\t<\/section>\n\t\t\t\t\t\t\t<\/div>\n\t\t","protected":false},"excerpt":{"rendered":"<p>Mind4People Dezembro de 2021 foi o m\u00eas escolhido para lan\u00e7armos o nosso projeto social, cujo nome fomos desvendando durante algumas semanas. De forma irreverente assumimos a nossa diferen\u00e7a, afirmando a g\u00e9nese do nosso projeto empresarial: as pessoas. As \u201cnossas\u201d pessoas (parte integrante das nossas equipas) e o universo \u201cdas pessoas\u201d que gravitam ao nosso redor &hellip;<\/p>\n<p class=\"read-more\"> <a class=\"\" href=\"https:\/\/mind4customs.com\/pt-pt\/responsabilidade-social\/\"> <span class=\"screen-reader-text\">Responsabilidade Social<\/span> Read More &raquo;<\/a><\/p>\n","protected":false},"author":1,"featured_media":0,"parent":0,"menu_order":0,"comment_status":"closed","ping_status":"closed","template":"elementor_header_footer","meta":{"site-sidebar-layout":"default","site-content-layout":"","ast-site-content-layout":"","site-content-style":"default","site-sidebar-style":"default","ast-global-header-display":"","ast-banner-title-visibility":"","ast-main-header-display":"","ast-hfb-above-header-display":"","ast-hfb-below-header-display":"","ast-hfb-mobile-header-display":"","site-post-title":"","ast-breadcrumbs-content":"","ast-featured-img":"","footer-sml-layout":"","theme-transparent-header-meta":"","adv-header-id-meta":"","stick-header-meta":"","header-above-stick-meta":"","header-main-stick-meta":"","header-below-stick-meta":"","astra-migrate-meta-layouts":"","footnotes":""},"class_list":["post-4426","page","type-page","status-publish","hentry"],"yoast_head":"<!-- This site is optimized with the Yoast SEO plugin v21.2 - https:\/\/yoast.com\/wordpress\/plugins\/seo\/ -->\n<title>Responsabilidade Social - Mind4Customs<\/title>\n<meta name=\"robots\" content=\"index, follow, max-snippet:-1, max-image-preview:large, max-video-preview:-1\" \/>\n<link rel=\"canonical\" href=\"https:\/\/mind4customs.com\/solidarity-project\/\" \/>\n<meta property=\"og:locale\" content=\"pt_PT\" \/>\n<meta property=\"og:type\" content=\"article\" \/>\n<meta property=\"og:title\" content=\"Responsabilidade Social - Mind4Customs\" \/>\n<meta property=\"og:description\" content=\"Mind4People Dezembro de 2021 foi o m\u00eas escolhido para lan\u00e7armos o nosso projeto social, cujo nome fomos desvendando durante algumas semanas. De forma irreverente assumimos a nossa diferen\u00e7a, afirmando a g\u00e9nese do nosso projeto empresarial: as pessoas. As \u201cnossas\u201d pessoas (parte integrante das nossas equipas) e o universo \u201cdas pessoas\u201d que gravitam ao nosso redor &hellip; Responsabilidade Social Read More &raquo;\" \/>\n<meta property=\"og:url\" content=\"https:\/\/mind4customs.com\/solidarity-project\/\" \/>\n<meta property=\"og:site_name\" content=\"Mind4Customs\" \/>\n<meta property=\"article:publisher\" content=\"https:\/\/www.facebook.com\/Mind4Logistics\" \/>\n<meta property=\"article:modified_time\" content=\"2023-09-29T15:31:56+00:00\" \/>\n<meta property=\"og:image\" content=\"https:\/\/mind4customs.com\/wp-content\/uploads\/2023\/09\/MIND4PEOPLE.png\" \/>\n<meta name=\"twitter:card\" content=\"summary_large_image\" \/>\n<meta name=\"twitter:site\" content=\"@Mind4Logistics\" \/>\n<meta name=\"twitter:label1\" content=\"Tempo estimado de leitura\" \/>\n\t<meta name=\"twitter:data1\" content=\"2 minutos\" \/>\n<script type=\"application\/ld+json\" class=\"yoast-schema-graph\">{\"@context\":\"https:\/\/schema.org\",\"@graph\":[{\"@type\":\"WebPage\",\"@id\":\"https:\/\/mind4customs.com\/solidarity-project\/\",\"url\":\"https:\/\/mind4customs.com\/solidarity-project\/\",\"name\":\"Responsabilidade Social - Mind4Customs\",\"isPartOf\":{\"@id\":\"https:\/\/mind4customs.com\/#website\"},\"datePublished\":\"2022-10-27T15:07:14+00:00\",\"dateModified\":\"2023-09-29T15:31:56+00:00\",\"breadcrumb\":{\"@id\":\"https:\/\/mind4customs.com\/solidarity-project\/#breadcrumb\"},\"inLanguage\":\"pt-PT\",\"potentialAction\":[{\"@type\":\"ReadAction\",\"target\":[\"https:\/\/mind4customs.com\/solidarity-project\/\"]}]},{\"@type\":\"BreadcrumbList\",\"@id\":\"https:\/\/mind4customs.com\/solidarity-project\/#breadcrumb\",\"itemListElement\":[{\"@type\":\"ListItem\",\"position\":1,\"name\":\"In\u00edcio\",\"item\":\"https:\/\/mind4customs.com\/pt-pt\/\"},{\"@type\":\"ListItem\",\"position\":2,\"name\":\"Responsabilidade Social\"}]},{\"@type\":\"WebSite\",\"@id\":\"https:\/\/mind4customs.com\/#website\",\"url\":\"https:\/\/mind4customs.com\/\",\"name\":\"Mind4Customs\",\"description\":\"Far beyond logistics\",\"publisher\":{\"@id\":\"https:\/\/mind4customs.com\/#organization\"},\"potentialAction\":[{\"@type\":\"SearchAction\",\"target\":{\"@type\":\"EntryPoint\",\"urlTemplate\":\"https:\/\/mind4customs.com\/?s={search_term_string}\"},\"query-input\":\"required name=search_term_string\"}],\"inLanguage\":\"pt-PT\"},{\"@type\":\"Organization\",\"@id\":\"https:\/\/mind4customs.com\/#organization\",\"name\":\"Mind4Customs\",\"url\":\"https:\/\/mind4customs.com\/\",\"logo\":{\"@type\":\"ImageObject\",\"inLanguage\":\"pt-PT\",\"@id\":\"https:\/\/mind4customs.com\/#\/schema\/logo\/image\/\",\"url\":\"https:\/\/mind4customs.com\/wp-content\/uploads\/2022\/10\/logo-mind4customs-2.jpg\",\"contentUrl\":\"https:\/\/mind4customs.com\/wp-content\/uploads\/2022\/10\/logo-mind4customs-2.jpg\",\"width\":552,\"height\":91,\"caption\":\"Mind4Customs\"},\"image\":{\"@id\":\"https:\/\/mind4customs.com\/#\/schema\/logo\/image\/\"},\"sameAs\":[\"https:\/\/www.facebook.com\/Mind4Logistics\",\"https:\/\/twitter.com\/Mind4Logistics\",\"https:\/\/www.linkedin.com\/company\/mind4logistics\/\",\"https:\/\/www.instagram.com\/mind4logistics\/\"]}]}<\/script>\n<!-- \/ Yoast SEO plugin. -->","yoast_head_json":{"title":"Responsabilidade Social - Mind4Customs","robots":{"index":"index","follow":"follow","max-snippet":"max-snippet:-1","max-image-preview":"max-image-preview:large","max-video-preview":"max-video-preview:-1"},"canonical":"https:\/\/mind4customs.com\/solidarity-project\/","og_locale":"pt_PT","og_type":"article","og_title":"Responsabilidade Social - Mind4Customs","og_description":"Mind4People Dezembro de 2021 foi o m\u00eas escolhido para lan\u00e7armos o nosso projeto social, cujo nome fomos desvendando durante algumas semanas. De forma irreverente assumimos a nossa diferen\u00e7a, afirmando a g\u00e9nese do nosso projeto empresarial: as pessoas. As \u201cnossas\u201d pessoas (parte integrante das nossas equipas) e o universo \u201cdas pessoas\u201d que gravitam ao nosso redor &hellip; Responsabilidade Social Read More &raquo;","og_url":"https:\/\/mind4customs.com\/solidarity-project\/","og_site_name":"Mind4Customs","article_publisher":"https:\/\/www.facebook.com\/Mind4Logistics","article_modified_time":"2023-09-29T15:31:56+00:00","og_image":[{"url":"https:\/\/mind4customs.com\/wp-content\/uploads\/2023\/09\/MIND4PEOPLE.png"}],"twitter_card":"summary_large_image","twitter_site":"@Mind4Logistics","twitter_misc":{"Tempo estimado de leitura":"2 minutos"},"schema":{"@context":"https:\/\/schema.org","@graph":[{"@type":"WebPage","@id":"https:\/\/mind4customs.com\/solidarity-project\/","url":"https:\/\/mind4customs.com\/solidarity-project\/","name":"Responsabilidade Social - Mind4Customs","isPartOf":{"@id":"https:\/\/mind4customs.com\/#website"},"datePublished":"2022-10-27T15:07:14+00:00","dateModified":"2023-09-29T15:31:56+00:00","breadcrumb":{"@id":"https:\/\/mind4customs.com\/solidarity-project\/#breadcrumb"},"inLanguage":"pt-PT","potentialAction":[{"@type":"ReadAction","target":["https:\/\/mind4customs.com\/solidarity-project\/"]}]},{"@type":"BreadcrumbList","@id":"https:\/\/mind4customs.com\/solidarity-project\/#breadcrumb","itemListElement":[{"@type":"ListItem","position":1,"name":"In\u00edcio","item":"https:\/\/mind4customs.com\/pt-pt\/"},{"@type":"ListItem","position":2,"name":"Responsabilidade Social"}]},{"@type":"WebSite","@id":"https:\/\/mind4customs.com\/#website","url":"https:\/\/mind4customs.com\/","name":"Mind4Customs","description":"Far beyond logistics","publisher":{"@id":"https:\/\/mind4customs.com\/#organization"},"potentialAction":[{"@type":"SearchAction","target":{"@type":"EntryPoint","urlTemplate":"https:\/\/mind4customs.com\/?s={search_term_string}"},"query-input":"required name=search_term_string"}],"inLanguage":"pt-PT"},{"@type":"Organization","@id":"https:\/\/mind4customs.com\/#organization","name":"Mind4Customs","url":"https:\/\/mind4customs.com\/","logo":{"@type":"ImageObject","inLanguage":"pt-PT","@id":"https:\/\/mind4customs.com\/#\/schema\/logo\/image\/","url":"https:\/\/mind4customs.com\/wp-content\/uploads\/2022\/10\/logo-mind4customs-2.jpg","contentUrl":"https:\/\/mind4customs.com\/wp-content\/uploads\/2022\/10\/logo-mind4customs-2.jpg","width":552,"height":91,"caption":"Mind4Customs"},"image":{"@id":"https:\/\/mind4customs.com\/#\/schema\/logo\/image\/"},"sameAs":["https:\/\/www.facebook.com\/Mind4Logistics","https:\/\/twitter.com\/Mind4Logistics","https:\/\/www.linkedin.com\/company\/mind4logistics\/","https:\/\/www.instagram.com\/mind4logistics\/"]}]}},"_links":{"self":[{"href":"https:\/\/mind4customs.com\/pt-pt\/wp-json\/wp\/v2\/pages\/4426","targetHints":{"allow":["GET"]}}],"collection":[{"href":"https:\/\/mind4customs.com\/pt-pt\/wp-json\/wp\/v2\/pages"}],"about":[{"href":"https:\/\/mind4customs.com\/pt-pt\/wp-json\/wp\/v2\/types\/page"}],"author":[{"embeddable":true,"href":"https:\/\/mind4customs.com\/pt-pt\/wp-json\/wp\/v2\/users\/1"}],"replies":[{"embeddable":true,"href":"https:\/\/mind4customs.com\/pt-pt\/wp-json\/wp\/v2\/comments?post=4426"}],"version-history":[{"count":17,"href":"https:\/\/mind4customs.com\/pt-pt\/wp-json\/wp\/v2\/pages\/4426\/revisions"}],"predecessor-version":[{"id":7050,"href":"https:\/\/mind4customs.com\/pt-pt\/wp-json\/wp\/v2\/pages\/4426\/revisions\/7050"}],"wp:attachment":[{"href":"https:\/\/mind4customs.com\/pt-pt\/wp-json\/wp\/v2\/media?parent=4426"}],"curies":[{"name":"wp","href":"https:\/\/api.w.org\/{rel}","templated":true}]}}