{"id":4414,"date":"2022-10-24T15:50:11","date_gmt":"2022-10-24T15:50:11","guid":{"rendered":"https:\/\/mind4.genox-nutrition.pt\/?page_id=4414"},"modified":"2024-03-01T15:20:34","modified_gmt":"2024-03-01T15:20:34","slug":"distincoes","status":"publish","type":"page","link":"https:\/\/mind4customs.com\/pt-pt\/distincoes\/","title":{"rendered":"Distin\u00e7\u00f5es"},"content":{"rendered":"\t\t<div data-elementor-type=\"wp-page\" data-elementor-id=\"4414\" class=\"elementor elementor-4414 elementor-2645\" data-elementor-post-type=\"page\">\n\t\t\t\t\t\t\t\t\t<section class=\"elementor-section elementor-top-section elementor-element elementor-element-396b28d elementor-section-stretched elementor-section-boxed elementor-section-height-default elementor-section-height-default\" data-id=\"396b28d\" data-element_type=\"section\" data-settings=\"{&quot;stretch_section&quot;:&quot;section-stretched&quot;,&quot;background_background&quot;:&quot;classic&quot;,&quot;_ha_eqh_enable&quot;:false}\">\n\t\t\t\t\t\t\t<div class=\"elementor-background-overlay\"><\/div>\n\t\t\t\t\t\t\t<div class=\"elementor-container elementor-column-gap-default\">\n\t\t\t\t\t<div class=\"elementor-column elementor-col-100 elementor-top-column elementor-element elementor-element-9025ab9\" data-id=\"9025ab9\" data-element_type=\"column\" data-settings=\"{&quot;background_background&quot;:&quot;classic&quot;}\">\n\t\t\t<div class=\"elementor-widget-wrap elementor-element-populated\">\n\t\t\t\t\t\t\t\t<div class=\"elementor-element elementor-element-e9a5e5a elementor-widget elementor-widget-heading\" data-id=\"e9a5e5a\" data-element_type=\"widget\" data-widget_type=\"heading.default\">\n\t\t\t\t<div class=\"elementor-widget-container\">\n\t\t\t<style>\/*! elementor - v3.16.0 - 20-09-2023 *\/\n.elementor-heading-title{padding:0;margin:0;line-height:1}.elementor-widget-heading .elementor-heading-title[class*=elementor-size-]>a{color:inherit;font-size:inherit;line-height:inherit}.elementor-widget-heading .elementor-heading-title.elementor-size-small{font-size:15px}.elementor-widget-heading .elementor-heading-title.elementor-size-medium{font-size:19px}.elementor-widget-heading .elementor-heading-title.elementor-size-large{font-size:29px}.elementor-widget-heading .elementor-heading-title.elementor-size-xl{font-size:39px}.elementor-widget-heading .elementor-heading-title.elementor-size-xxl{font-size:59px}<\/style><h1 class=\"elementor-heading-title elementor-size-default\">Distin\u00e7\u00f5es<\/h1>\t\t<\/div>\n\t\t\t\t<\/div>\n\t\t\t\t\t<\/div>\n\t\t<\/div>\n\t\t\t\t\t\t\t<\/div>\n\t\t<\/section>\n\t\t\t\t<section class=\"elementor-section elementor-top-section elementor-element elementor-element-dbaf19d elementor-section-stretched elementor-section-boxed elementor-section-height-default elementor-section-height-default\" data-id=\"dbaf19d\" data-element_type=\"section\" data-settings=\"{&quot;stretch_section&quot;:&quot;section-stretched&quot;,&quot;background_background&quot;:&quot;classic&quot;,&quot;_ha_eqh_enable&quot;:false}\">\n\t\t\t\t\t\t<div class=\"elementor-container elementor-column-gap-default\">\n\t\t\t\t\t<div class=\"elementor-column elementor-col-50 elementor-top-column elementor-element elementor-element-8171cf8\" data-id=\"8171cf8\" data-element_type=\"column\">\n\t\t\t<div class=\"elementor-widget-wrap elementor-element-populated\">\n\t\t\t\t\t\t\t\t<div class=\"elementor-element elementor-element-1c402e0 elementor-widget elementor-widget-image\" data-id=\"1c402e0\" data-element_type=\"widget\" data-widget_type=\"image.default\">\n\t\t\t\t<div class=\"elementor-widget-container\">\n\t\t\t<style>\/*! elementor - v3.16.0 - 20-09-2023 *\/\n.elementor-widget-image{text-align:center}.elementor-widget-image a{display:inline-block}.elementor-widget-image a img[src$=\".svg\"]{width:48px}.elementor-widget-image img{vertical-align:middle;display:inline-block}<\/style>\t\t\t\t\t\t\t\t\t\t\t\t<img decoding=\"async\" width=\"1024\" height=\"965\" src=\"https:\/\/mind4customs.com\/wp-content\/uploads\/2024\/03\/top5-scoring-1024x965.jpg\" class=\"attachment-large size-large wp-image-7118\" alt=\"\" srcset=\"https:\/\/mind4customs.com\/wp-content\/uploads\/2024\/03\/top5-scoring-1024x965.jpg 1024w, https:\/\/mind4customs.com\/wp-content\/uploads\/2024\/03\/top5-scoring-300x283.jpg 300w, https:\/\/mind4customs.com\/wp-content\/uploads\/2024\/03\/top5-scoring-768x724.jpg 768w, https:\/\/mind4customs.com\/wp-content\/uploads\/2024\/03\/top5-scoring.jpg 1200w\" sizes=\"(max-width: 1024px) 100vw, 1024px\" \/>\t\t\t\t\t\t\t\t\t\t\t\t\t\t\t<\/div>\n\t\t\t\t<\/div>\n\t\t\t\t\t<\/div>\n\t\t<\/div>\n\t\t\t\t<div class=\"elementor-column elementor-col-50 elementor-top-column elementor-element elementor-element-a3ae021\" data-id=\"a3ae021\" data-element_type=\"column\" data-settings=\"{&quot;background_background&quot;:&quot;classic&quot;}\">\n\t\t\t<div class=\"elementor-widget-wrap elementor-element-populated\">\n\t\t\t\t\t\t\t\t<div class=\"elementor-element elementor-element-6fc91bc elementor-widget elementor-widget-heading\" data-id=\"6fc91bc\" data-element_type=\"widget\" data-widget_type=\"heading.default\">\n\t\t\t\t<div class=\"elementor-widget-container\">\n\t\t\t<h2 class=\"elementor-heading-title elementor-size-default\">Com humildade continuaremos a caminhar em conjunto<\/h2>\t\t<\/div>\n\t\t\t\t<\/div>\n\t\t\t\t<div class=\"elementor-element elementor-element-afa224c elementor-widget elementor-widget-text-editor\" data-id=\"afa224c\" data-element_type=\"widget\" data-widget_type=\"text-editor.default\">\n\t\t\t\t<div class=\"elementor-widget-container\">\n\t\t\t<style>\/*! elementor - v3.16.0 - 20-09-2023 *\/\n.elementor-widget-text-editor.elementor-drop-cap-view-stacked .elementor-drop-cap{background-color:#69727d;color:#fff}.elementor-widget-text-editor.elementor-drop-cap-view-framed .elementor-drop-cap{color:#69727d;border:3px solid;background-color:transparent}.elementor-widget-text-editor:not(.elementor-drop-cap-view-default) .elementor-drop-cap{margin-top:8px}.elementor-widget-text-editor:not(.elementor-drop-cap-view-default) .elementor-drop-cap-letter{width:1em;height:1em}.elementor-widget-text-editor .elementor-drop-cap{float:left;text-align:center;line-height:1;font-size:50px}.elementor-widget-text-editor .elementor-drop-cap-letter{display:inline-block}<\/style>\t\t\t\t<p>Mind4Customs oferece solu\u00e7\u00f5es completas e personalizadas para satisfazer as necessidades dos seus atuais e potenciais clientes.<\/p><p>Com uma equipa composta por profissionais altamente qualificados e com experi\u00eancia comprovada, estamos prontos para enfrentar juntamente consigo os desafios do com\u00e9rcio internacional, garantindo o sucesso das suas opera\u00e7\u00f5es.<\/p><p>Aceitamos com orgulho esta distin\u00e7\u00e3o e continuamos a trabalhar humildemente juntos. Pode contar connosco como um parceiro estrat\u00e9gico para expandir o seu neg\u00f3cio!<\/p><p>Equipa Mind4Customs<\/p>\t\t\t\t\t\t<\/div>\n\t\t\t\t<\/div>\n\t\t\t\t\t<\/div>\n\t\t<\/div>\n\t\t\t\t\t\t\t<\/div>\n\t\t<\/section>\n\t\t\t\t\t\t\t<\/div>\n\t\t","protected":false},"excerpt":{"rendered":"<p>Distin\u00e7\u00f5es Com humildade continuaremos a caminhar em conjunto Mind4Customs oferece solu\u00e7\u00f5es completas e personalizadas para satisfazer as necessidades dos seus atuais e potenciais clientes. Com uma equipa composta por profissionais altamente qualificados e com experi\u00eancia comprovada, estamos prontos para enfrentar juntamente consigo os desafios do com\u00e9rcio internacional, garantindo o sucesso das suas opera\u00e7\u00f5es. Aceitamos com &hellip;<\/p>\n<p class=\"read-more\"> <a class=\"\" href=\"https:\/\/mind4customs.com\/pt-pt\/distincoes\/\"> <span class=\"screen-reader-text\">Distin\u00e7\u00f5es<\/span> Read More &raquo;<\/a><\/p>\n","protected":false},"author":1,"featured_media":0,"parent":0,"menu_order":0,"comment_status":"closed","ping_status":"closed","template":"elementor_header_footer","meta":{"site-sidebar-layout":"default","site-content-layout":"","ast-site-content-layout":"","site-content-style":"default","site-sidebar-style":"default","ast-global-header-display":"","ast-banner-title-visibility":"","ast-main-header-display":"","ast-hfb-above-header-display":"","ast-hfb-below-header-display":"","ast-hfb-mobile-header-display":"","site-post-title":"","ast-breadcrumbs-content":"","ast-featured-img":"","footer-sml-layout":"","theme-transparent-header-meta":"","adv-header-id-meta":"","stick-header-meta":"","header-above-stick-meta":"","header-main-stick-meta":"","header-below-stick-meta":"","astra-migrate-meta-layouts":"","footnotes":""},"class_list":["post-4414","page","type-page","status-publish","hentry"],"yoast_head":"<!-- This site is optimized with the Yoast SEO plugin v21.2 - https:\/\/yoast.com\/wordpress\/plugins\/seo\/ -->\n<title>Distin\u00e7\u00f5es - Mind4Customs<\/title>\n<meta name=\"robots\" content=\"index, follow, max-snippet:-1, max-image-preview:large, max-video-preview:-1\" \/>\n<link rel=\"canonical\" href=\"https:\/\/mind4customs.com\/pt-pt\/distincoes\/\" \/>\n<meta property=\"og:locale\" content=\"pt_PT\" \/>\n<meta property=\"og:type\" content=\"article\" \/>\n<meta property=\"og:title\" content=\"Distin\u00e7\u00f5es - Mind4Customs\" \/>\n<meta property=\"og:description\" content=\"Distin\u00e7\u00f5es Com humildade continuaremos a caminhar em conjunto Mind4Customs oferece solu\u00e7\u00f5es completas e personalizadas para satisfazer as necessidades dos seus atuais e potenciais clientes. Com uma equipa composta por profissionais altamente qualificados e com experi\u00eancia comprovada, estamos prontos para enfrentar juntamente consigo os desafios do com\u00e9rcio internacional, garantindo o sucesso das suas opera\u00e7\u00f5es. Aceitamos com &hellip; Distin\u00e7\u00f5es Read More &raquo;\" \/>\n<meta property=\"og:url\" content=\"https:\/\/mind4customs.com\/pt-pt\/distincoes\/\" \/>\n<meta property=\"og:site_name\" content=\"Mind4Customs\" \/>\n<meta property=\"article:publisher\" content=\"https:\/\/www.facebook.com\/Mind4Logistics\" \/>\n<meta property=\"article:modified_time\" content=\"2024-03-01T15:20:34+00:00\" \/>\n<meta property=\"og:image\" content=\"https:\/\/mind4customs.com\/wp-content\/uploads\/2024\/03\/top5-scoring-1024x965.jpg\" \/>\n<meta name=\"twitter:card\" content=\"summary_large_image\" \/>\n<meta name=\"twitter:site\" content=\"@Mind4Logistics\" \/>\n<meta name=\"twitter:label1\" content=\"Tempo estimado de leitura\" \/>\n\t<meta name=\"twitter:data1\" content=\"1 minuto\" \/>\n<script type=\"application\/ld+json\" class=\"yoast-schema-graph\">{\"@context\":\"https:\/\/schema.org\",\"@graph\":[{\"@type\":\"WebPage\",\"@id\":\"https:\/\/mind4customs.com\/pt-pt\/distincoes\/\",\"url\":\"https:\/\/mind4customs.com\/pt-pt\/distincoes\/\",\"name\":\"Distin\u00e7\u00f5es - Mind4Customs\",\"isPartOf\":{\"@id\":\"https:\/\/mind4customs.com\/#website\"},\"datePublished\":\"2022-10-24T15:50:11+00:00\",\"dateModified\":\"2024-03-01T15:20:34+00:00\",\"breadcrumb\":{\"@id\":\"https:\/\/mind4customs.com\/pt-pt\/distincoes\/#breadcrumb\"},\"inLanguage\":\"pt-PT\",\"potentialAction\":[{\"@type\":\"ReadAction\",\"target\":[\"https:\/\/mind4customs.com\/pt-pt\/distincoes\/\"]}]},{\"@type\":\"BreadcrumbList\",\"@id\":\"https:\/\/mind4customs.com\/pt-pt\/distincoes\/#breadcrumb\",\"itemListElement\":[{\"@type\":\"ListItem\",\"position\":1,\"name\":\"In\u00edcio\",\"item\":\"https:\/\/mind4customs.com\/pt-pt\/\"},{\"@type\":\"ListItem\",\"position\":2,\"name\":\"Distin\u00e7\u00f5es\"}]},{\"@type\":\"WebSite\",\"@id\":\"https:\/\/mind4customs.com\/#website\",\"url\":\"https:\/\/mind4customs.com\/\",\"name\":\"Mind4Customs\",\"description\":\"Far beyond logistics\",\"publisher\":{\"@id\":\"https:\/\/mind4customs.com\/#organization\"},\"potentialAction\":[{\"@type\":\"SearchAction\",\"target\":{\"@type\":\"EntryPoint\",\"urlTemplate\":\"https:\/\/mind4customs.com\/?s={search_term_string}\"},\"query-input\":\"required name=search_term_string\"}],\"inLanguage\":\"pt-PT\"},{\"@type\":\"Organization\",\"@id\":\"https:\/\/mind4customs.com\/#organization\",\"name\":\"Mind4Customs\",\"url\":\"https:\/\/mind4customs.com\/\",\"logo\":{\"@type\":\"ImageObject\",\"inLanguage\":\"pt-PT\",\"@id\":\"https:\/\/mind4customs.com\/#\/schema\/logo\/image\/\",\"url\":\"https:\/\/mind4customs.com\/wp-content\/uploads\/2022\/10\/logo-mind4customs-2.jpg\",\"contentUrl\":\"https:\/\/mind4customs.com\/wp-content\/uploads\/2022\/10\/logo-mind4customs-2.jpg\",\"width\":552,\"height\":91,\"caption\":\"Mind4Customs\"},\"image\":{\"@id\":\"https:\/\/mind4customs.com\/#\/schema\/logo\/image\/\"},\"sameAs\":[\"https:\/\/www.facebook.com\/Mind4Logistics\",\"https:\/\/twitter.com\/Mind4Logistics\",\"https:\/\/www.linkedin.com\/company\/mind4logistics\/\",\"https:\/\/www.instagram.com\/mind4logistics\/\"]}]}<\/script>\n<!-- \/ Yoast SEO plugin. -->","yoast_head_json":{"title":"Distin\u00e7\u00f5es - Mind4Customs","robots":{"index":"index","follow":"follow","max-snippet":"max-snippet:-1","max-image-preview":"max-image-preview:large","max-video-preview":"max-video-preview:-1"},"canonical":"https:\/\/mind4customs.com\/pt-pt\/distincoes\/","og_locale":"pt_PT","og_type":"article","og_title":"Distin\u00e7\u00f5es - Mind4Customs","og_description":"Distin\u00e7\u00f5es Com humildade continuaremos a caminhar em conjunto Mind4Customs oferece solu\u00e7\u00f5es completas e personalizadas para satisfazer as necessidades dos seus atuais e potenciais clientes. Com uma equipa composta por profissionais altamente qualificados e com experi\u00eancia comprovada, estamos prontos para enfrentar juntamente consigo os desafios do com\u00e9rcio internacional, garantindo o sucesso das suas opera\u00e7\u00f5es. Aceitamos com &hellip; Distin\u00e7\u00f5es Read More &raquo;","og_url":"https:\/\/mind4customs.com\/pt-pt\/distincoes\/","og_site_name":"Mind4Customs","article_publisher":"https:\/\/www.facebook.com\/Mind4Logistics","article_modified_time":"2024-03-01T15:20:34+00:00","og_image":[{"url":"https:\/\/mind4customs.com\/wp-content\/uploads\/2024\/03\/top5-scoring-1024x965.jpg"}],"twitter_card":"summary_large_image","twitter_site":"@Mind4Logistics","twitter_misc":{"Tempo estimado de leitura":"1 minuto"},"schema":{"@context":"https:\/\/schema.org","@graph":[{"@type":"WebPage","@id":"https:\/\/mind4customs.com\/pt-pt\/distincoes\/","url":"https:\/\/mind4customs.com\/pt-pt\/distincoes\/","name":"Distin\u00e7\u00f5es - Mind4Customs","isPartOf":{"@id":"https:\/\/mind4customs.com\/#website"},"datePublished":"2022-10-24T15:50:11+00:00","dateModified":"2024-03-01T15:20:34+00:00","breadcrumb":{"@id":"https:\/\/mind4customs.com\/pt-pt\/distincoes\/#breadcrumb"},"inLanguage":"pt-PT","potentialAction":[{"@type":"ReadAction","target":["https:\/\/mind4customs.com\/pt-pt\/distincoes\/"]}]},{"@type":"BreadcrumbList","@id":"https:\/\/mind4customs.com\/pt-pt\/distincoes\/#breadcrumb","itemListElement":[{"@type":"ListItem","position":1,"name":"In\u00edcio","item":"https:\/\/mind4customs.com\/pt-pt\/"},{"@type":"ListItem","position":2,"name":"Distin\u00e7\u00f5es"}]},{"@type":"WebSite","@id":"https:\/\/mind4customs.com\/#website","url":"https:\/\/mind4customs.com\/","name":"Mind4Customs","description":"Far beyond logistics","publisher":{"@id":"https:\/\/mind4customs.com\/#organization"},"potentialAction":[{"@type":"SearchAction","target":{"@type":"EntryPoint","urlTemplate":"https:\/\/mind4customs.com\/?s={search_term_string}"},"query-input":"required name=search_term_string"}],"inLanguage":"pt-PT"},{"@type":"Organization","@id":"https:\/\/mind4customs.com\/#organization","name":"Mind4Customs","url":"https:\/\/mind4customs.com\/","logo":{"@type":"ImageObject","inLanguage":"pt-PT","@id":"https:\/\/mind4customs.com\/#\/schema\/logo\/image\/","url":"https:\/\/mind4customs.com\/wp-content\/uploads\/2022\/10\/logo-mind4customs-2.jpg","contentUrl":"https:\/\/mind4customs.com\/wp-content\/uploads\/2022\/10\/logo-mind4customs-2.jpg","width":552,"height":91,"caption":"Mind4Customs"},"image":{"@id":"https:\/\/mind4customs.com\/#\/schema\/logo\/image\/"},"sameAs":["https:\/\/www.facebook.com\/Mind4Logistics","https:\/\/twitter.com\/Mind4Logistics","https:\/\/www.linkedin.com\/company\/mind4logistics\/","https:\/\/www.instagram.com\/mind4logistics\/"]}]}},"_links":{"self":[{"href":"https:\/\/mind4customs.com\/pt-pt\/wp-json\/wp\/v2\/pages\/4414","targetHints":{"allow":["GET"]}}],"collection":[{"href":"https:\/\/mind4customs.com\/pt-pt\/wp-json\/wp\/v2\/pages"}],"about":[{"href":"https:\/\/mind4customs.com\/pt-pt\/wp-json\/wp\/v2\/types\/page"}],"author":[{"embeddable":true,"href":"https:\/\/mind4customs.com\/pt-pt\/wp-json\/wp\/v2\/users\/1"}],"replies":[{"embeddable":true,"href":"https:\/\/mind4customs.com\/pt-pt\/wp-json\/wp\/v2\/comments?post=4414"}],"version-history":[{"count":59,"href":"https:\/\/mind4customs.com\/pt-pt\/wp-json\/wp\/v2\/pages\/4414\/revisions"}],"predecessor-version":[{"id":7124,"href":"https:\/\/mind4customs.com\/pt-pt\/wp-json\/wp\/v2\/pages\/4414\/revisions\/7124"}],"wp:attachment":[{"href":"https:\/\/mind4customs.com\/pt-pt\/wp-json\/wp\/v2\/media?parent=4414"}],"curies":[{"name":"wp","href":"https:\/\/api.w.org\/{rel}","templated":true}]}}